{"id":9,"date":"2023-10-25T09:22:37","date_gmt":"2023-10-25T09:22:37","guid":{"rendered":"https:\/\/m88partnerships.com\/vn\/?page_id=9"},"modified":"2025-03-04T13:20:04","modified_gmt":"2025-03-04T05:20:04","slug":"home","status":"publish","type":"page","link":"https:\/\/m88partnerships.com\/vn\/","title":{"rendered":"Trang ch\u1ee7"},"content":{"rendered":"\n<p>M88 Mansion l\u00e0 m\u1ed9t th\u01b0\u01a1ng hi\u1ec7u casino tr\u1ef1c tuy\u1ebfn uy t\u00edn, t\u1eebng thi\u1ebft l\u1eadp quan h\u1ec7 v\u1edbi nhi\u1ec1u CLB, ng\u01b0\u1eddi n\u1ed5i ti\u1ebfng v\u00e0 t\u1ed5 ch\u1ee9c c\u00e1c s\u1ef1 ki\u1ec7n kh\u00e1c nhau.<\/p>\n\n\n\n<p>Vi\u1ec7c x\u00e2y d\u1ef1ng quan h\u1ec7 \u0111\u1ed1i t\u00e1c nh\u1eb1m m\u1ee5c \u0111\u00edch n\u00e2ng cao m\u1ee9c \u0111\u1ed9 nh\u1eadn di\u1ec7n th\u01b0\u01a1ng hi\u1ec7u, \u0111\u1ed3ng th\u1eddi mang \u0111\u1ebfn cho ng\u01b0\u1eddi h\u00e2m m\u1ed9 v\u00e0 kh\u00e1ch h\u00e0ng c\u01a1 h\u1ed9i \u0111\u1ec3 t\u01b0\u01a1ng t\u00e1c v\u1edbi c\u00e1c th\u01b0\u01a1ng hi\u1ec7u l\u1edbn.<\/p>\n\n\n\n<p>M88 Mansion l\u00e0 \u0111\u1ed1i t\u00e1c v\u1edbi c\u00e1c gi\u1ea3i \u0111\u1ea5u v\u00e0 CLB h\u00e0ng \u0111\u1ea7u nh\u01b0 La Liga, AC Milan, Li\u00ean \u0111o\u00e0n C\u1ea7u l\u00f4ng Th\u1ebf gi\u1edbi (BWF), AFC Bournemouth, Leicester City, Crystal Palace, Tottenham Hotspur v\u00e0 Manchester City.<\/p>\n\n\n\n<p>Ngo\u00e0i l\u0129nh v\u1ef1c th\u1ec3 thao, M88 Mansion c\u0169ng h\u1ee3p t\u00e1c v\u1edbi nhi\u1ec1u nh\u00e2n v\u1eadt t\u00ean tu\u1ed5i, bao g\u1ed3m huy\u1ec1n tho\u1ea1i quy\u1ec1n anh Manny &#8220;Pac-Man&#8221; Pacquiao v\u00e0 doanh nh\u00e2n ki\u00eam ng\u01b0\u1eddi n\u1ed5i ti\u1ebfng Maria Ozawa.<\/p>\n\n\n\n<p>D\u00f9 b\u1ea1n l\u00e0 ng\u01b0\u1eddi h\u00e2m m\u1ed9 th\u1ec3 thao hay \u0111am m\u00ea gi\u1ea3i tr\u00ed, M88 Mansion mang tr\u1ea3i nghi\u1ec7m h\u1ea5p d\u1eabn ph\u00f9 h\u1ee3p v\u1edbi s\u1edf th\u00edch c\u1ee7a b\u1ea1n.<\/p>\n","protected":false},"excerpt":{"rendered":"<p>M88 Mansion l\u00e0 m\u1ed9t th\u01b0\u01a1ng hi\u1ec7u casino tr\u1ef1c tuy\u1ebfn uy t\u00edn, t\u1eebng thi\u1ebft l\u1eadp quan h\u1ec7 v\u1edbi nhi\u1ec1u CLB, ng\u01b0\u1eddi n\u1ed5i ti\u1ebfng v\u00e0 t\u1ed5 ch\u1ee9c c\u00e1c s\u1ef1 ki\u1ec7n kh\u00e1c nhau. Vi\u1ec7c x\u00e2y d\u1ef1ng quan h\u1ec7 \u0111\u1ed1i t\u00e1c nh\u1eb1m m\u1ee5c \u0111\u00edch n\u00e2ng cao m\u1ee9c \u0111\u1ed9 nh\u1eadn di\u1ec7n th\u01b0\u01a1ng hi\u1ec7u, \u0111\u1ed3ng th\u1eddi mang \u0111\u1ebfn cho ng\u01b0\u1eddi h\u00e2m [&hellip;]<\/p>\n","protected":false},"author":1,"featured_media":0,"parent":0,"menu_order":0,"comment_status":"closed","ping_status":"closed","template":"","meta":{"footnotes":""},"class_list":["post-9","page","type-page","status-publish","hentry"],"acf":[],"_links":{"self":[{"href":"https:\/\/m88partnerships.com\/vn\/wp-json\/wp\/v2\/pages\/9","targetHints":{"allow":["GET"]}}],"collection":[{"href":"https:\/\/m88partnerships.com\/vn\/wp-json\/wp\/v2\/pages"}],"about":[{"href":"https:\/\/m88partnerships.com\/vn\/wp-json\/wp\/v2\/types\/page"}],"author":[{"embeddable":true,"href":"https:\/\/m88partnerships.com\/vn\/wp-json\/wp\/v2\/users\/1"}],"replies":[{"embeddable":true,"href":"https:\/\/m88partnerships.com\/vn\/wp-json\/wp\/v2\/comments?post=9"}],"version-history":[{"count":70,"href":"https:\/\/m88partnerships.com\/vn\/wp-json\/wp\/v2\/pages\/9\/revisions"}],"predecessor-version":[{"id":1375,"href":"https:\/\/m88partnerships.com\/vn\/wp-json\/wp\/v2\/pages\/9\/revisions\/1375"}],"wp:attachment":[{"href":"https:\/\/m88partnerships.com\/vn\/wp-json\/wp\/v2\/media?parent=9"}],"curies":[{"name":"wp","href":"https:\/\/api.w.org\/{rel}","templated":true}]}}