{"id":290,"date":"2023-11-08T03:26:04","date_gmt":"2023-11-08T03:26:04","guid":{"rendered":"https:\/\/m88partnerships.com\/vn\/?page_id=290"},"modified":"2024-01-26T09:34:55","modified_gmt":"2024-01-26T01:34:55","slug":"pragmatic-play","status":"publish","type":"page","link":"https:\/\/m88partnerships.com\/vn\/about-us\/our-providers\/pragmatic-play\/","title":{"rendered":"Pragmatic Play"},"content":{"rendered":"\n<p>T\u1ea1i M88 Mansion, ch\u00fang t\u00f4i t\u1ef1 h\u00e0o khi h\u1ee3p t\u00e1c v\u1edbi c\u00e1c nh\u00e0 cung c\u1ea5p h\u00e0ng \u0111\u1ea7u th\u1ebf gi\u1edbi mang \u0111\u1ebfn cho ng\u01b0\u1eddi d\u00f9ng tr\u1ea3i nghi\u1ec7m ch\u01a1i game \u0111\u1ec9nh cao. M\u1ed9t trong nh\u1eefng \u0111\u1ed1i t\u00e1c n\u1ed5i b\u1eadt nh\u1ea5t c\u1ee7a ch\u00fang t\u00f4i l\u00e0 Pragmatic Play, nh\u00e0 ph\u00e1t tri\u1ec3n tr\u00f2 ch\u01a1i c\u00e1 c\u01b0\u1ee3c tr\u1ef1c tuy\u1ebfn n\u1ed5i ti\u1ebfng. V\u1edbi vi\u1ec7c t\u1eadp trung v\u00e0o s\u1ef1 \u0111\u1ed5i m\u1edbi, ch\u1ea5t l\u01b0\u1ee3ng v\u00e0 t\u01b0\u01a1ng t\u00e1c c\u1ee7a ng\u01b0\u1eddi ch\u01a1i, Pragmatic Play n\u1ed5i ti\u1ebfng l\u00e0 m\u1ed9t trong nh\u1eefng c\u00e1i t\u00ean \u0111\u00e1ng tin c\u1eady v\u00e0 uy t\u00edn nh\u1ea5t trong ng\u00e0nh. L\u00e0 \u0111\u1ed1i t\u00e1c v\u1edbi Pragmatic Play, ch\u00fang t\u00f4i cung c\u1ea5p nhi\u1ec1u lo\u1ea1i tr\u00f2 ch\u01a1i ph\u1ed5 bi\u1ebfn nh\u1ea5t c\u1ee7a h\u1ecd, bao g\u1ed3m slots, tr\u00f2 ch\u01a1i b\u00e0n, v.v. Th\u00e0nh vi\u00ean s\u1ebd \u0111\u01b0\u1ee3c th\u1ecfa m\u00e3n b\u1edfi nhi\u1ec1u tr\u00f2 ch\u01a1i h\u1ea5p d\u1eabn, c\u00f9ng v\u1edbi thi\u1ebft k\u1ebf tuy\u1ec7t \u0111\u1eb9p v\u00e0 c\u00e1c t\u00ednh n\u0103ng th\u00fa v\u1ecb khi\u1ebfn tr\u00f2 ch\u01a1i Pragmatic Play tr\u1edf n\u00ean ph\u1ed5 bi\u1ebfn tr\u00ean to\u00e0n th\u1ebf gi\u1edbi.<\/p>\n","protected":false},"excerpt":{"rendered":"<p>T\u1ea1i M88 Mansion, ch\u00fang t\u00f4i t\u1ef1 h\u00e0o khi h\u1ee3p t\u00e1c v\u1edbi c\u00e1c nh\u00e0 cung c\u1ea5p h\u00e0ng \u0111\u1ea7u th\u1ebf gi\u1edbi mang \u0111\u1ebfn cho ng\u01b0\u1eddi d\u00f9ng tr\u1ea3i nghi\u1ec7m ch\u01a1i game \u0111\u1ec9nh cao. M\u1ed9t trong nh\u1eefng \u0111\u1ed1i t\u00e1c n\u1ed5i b\u1eadt nh\u1ea5t c\u1ee7a ch\u00fang t\u00f4i l\u00e0 Pragmatic Play, nh\u00e0 ph\u00e1t tri\u1ec3n tr\u00f2 ch\u01a1i c\u00e1 c\u01b0\u1ee3c tr\u1ef1c tuy\u1ebfn n\u1ed5i ti\u1ebfng. [&hellip;]<\/p>\n","protected":false},"author":1,"featured_media":0,"parent":252,"menu_order":0,"comment_status":"closed","ping_status":"closed","template":"page-partner.php","meta":{"footnotes":""},"class_list":["post-290","page","type-page","status-publish","hentry"],"acf":[],"_links":{"self":[{"href":"https:\/\/m88partnerships.com\/vn\/wp-json\/wp\/v2\/pages\/290","targetHints":{"allow":["GET"]}}],"collection":[{"href":"https:\/\/m88partnerships.com\/vn\/wp-json\/wp\/v2\/pages"}],"about":[{"href":"https:\/\/m88partnerships.com\/vn\/wp-json\/wp\/v2\/types\/page"}],"author":[{"embeddable":true,"href":"https:\/\/m88partnerships.com\/vn\/wp-json\/wp\/v2\/users\/1"}],"replies":[{"embeddable":true,"href":"https:\/\/m88partnerships.com\/vn\/wp-json\/wp\/v2\/comments?post=290"}],"version-history":[{"count":46,"href":"https:\/\/m88partnerships.com\/vn\/wp-json\/wp\/v2\/pages\/290\/revisions"}],"predecessor-version":[{"id":1352,"href":"https:\/\/m88partnerships.com\/vn\/wp-json\/wp\/v2\/pages\/290\/revisions\/1352"}],"up":[{"embeddable":true,"href":"https:\/\/m88partnerships.com\/vn\/wp-json\/wp\/v2\/pages\/252"}],"wp:attachment":[{"href":"https:\/\/m88partnerships.com\/vn\/wp-json\/wp\/v2\/media?parent=290"}],"curies":[{"name":"wp","href":"https:\/\/api.w.org\/{rel}","templated":true}]}}