{"id":280,"date":"2023-11-08T03:02:02","date_gmt":"2023-11-08T03:02:02","guid":{"rendered":"https:\/\/m88partnerships.com\/vn\/?page_id=280"},"modified":"2024-01-26T09:39:52","modified_gmt":"2024-01-26T01:39:52","slug":"bwf","status":"publish","type":"page","link":"https:\/\/m88partnerships.com\/vn\/partnerships\/bwf\/","title":{"rendered":"BWF"},"content":{"rendered":"\n<p><strong>Ph\u00e1 v\u1ee1 ranh gi\u1edbi: S\u1ef1 Ph\u00e1t tri\u1ec3n To\u00e0n c\u1ea7u c\u1ee7a BWF v\u00e0 Quan h\u1ec7 \u0110\u1ed1i t\u00e1c Chi\u1ebfn l\u01b0\u1ee3c to\u00e0n di\u1ec7n c\u00f9ng M88 Mansion<\/strong><\/p>\n\n\n\n<p>Li\u00ean \u0111o\u00e0n c\u1ea7u l\u00f4ng th\u1ebf gi\u1edbi (BWF) l\u00e0 c\u01a1 quan qu\u1ea3n l\u00fd qu\u1ed1c t\u1ebf cho m\u00f4n th\u1ec3 thao C\u1ea7u l\u00f4ng. \u0110\u01b0\u1ee3c th\u00e0nh l\u1eadp v\u00e0o n\u0103m 1934 v\u1edbi bi\u1ec7t danh Li\u00ean \u0111o\u00e0n C\u1ea7u l\u00f4ng Qu\u1ed1c t\u1ebf (BWF), t\u1ed5 ch\u1ee9c n\u00e0y \u0111\u00e3 ph\u00e1t tri\u1ec3n th\u00e0nh m\u1ed9t bi\u1ec3u t\u01b0\u1ee3ng xu\u1ea5t s\u1eafc, \u0111\u01b0a m\u00f4n th\u1ec3 thao n\u00e0y l\u00ean m\u1ed9t t\u1ea7m cao m\u1edbi. BWF \u0111\u01b0\u1ee3c \u1ee6y ban Olympic qu\u1ed1c t\u1ebf c\u00f4ng nh\u1eadn l\u00e0 c\u01a1 quan c\u00f3 to\u00e0n quy\u1ec1n qu\u1ea3n l\u00fd v\u00e0 \u0111i\u1ec1u h\u00e0nh c\u00e1c ho\u1ea1t \u0111\u1ed9ng c\u1ee7a m\u00f4n c\u1ea7u l\u00f4ng tr\u00ean \u0111\u1ea5u tr\u01b0\u1eddng th\u1ebf gi\u1edbi.<\/p>\n\n\n\n<p>V\u1edbi ch\u1ec9 c\u00f3 9 qu\u1ed1c gia th\u00e0nh vi\u00ean t\u1eeb ban \u0111\u1ea7u, BWF \u0111\u00e3 v\u01b0\u01a1n l\u00ean v\u00e0 c\u00f3 s\u1ee9c \u1ea3nh h\u01b0\u1edfng to\u00e0n c\u1ea7u. Ng\u00e0y nay, BWF t\u1ef1 h\u00e0o l\u00e0 m\u1ed9t m\u1ea1ng l\u01b0\u1edbi hi\u1ec7p h\u1ed9i th\u00e0nh vi\u00ean r\u1ed9ng l\u1edbn, h\u1ed9i t\u1ee5 nh\u1eefng ng\u01b0\u1eddi \u0111am m\u00ea c\u1ea7u l\u00f4ng t\u1eeb m\u1ecdi n\u01a1i tr\u00ean th\u1ebf gi\u1edbi. V\u1edbi t\u01b0 c\u00e1ch l\u00e0 c\u01a1 quan qu\u1ea3n l\u00fd qu\u1ed1c t\u1ebf h\u00e0ng \u0111\u1ea7u, BWF cam k\u1ebft th\u00fac \u0111\u1ea9y s\u1ef1 ph\u00e1t tri\u1ec3n c\u1ee7a m\u00f4n th\u1ec3 thao n\u00e0y, thi\u1ebft l\u1eadp ti\u00eau chu\u1ea9n v\u00e0 t\u1ed5 ch\u1ee9c c\u00e1c s\u1ef1 ki\u1ec7n uy t\u00edn thu h\u00fat kh\u00e1n gi\u1ea3 tr\u00ean to\u00e0n th\u1ebf gi\u1edbi.<\/p>\n\n\n\n<p>Nh\u1eb1m m\u1edf r\u1ed9ng ph\u1ea1m vi tr\u00ean to\u00e0n c\u1ea7u, BWF \u0111\u00e3 k\u00fd k\u1ebft tr\u1edf th\u00e0nh \u0111\u1ed1i t\u00e1c chi\u1ebfn l\u01b0\u1ee3c v\u1edbi M88 Mansion. M\u1ed1i quan h\u1ec7 v\u01b0\u1ee3t qua m\u1ecdi ranh gi\u1edbi, k\u1ebft h\u1ee3p gi\u1eefa s\u1ef1 ph\u1ea5n kh\u00edch c\u1ee7a c\u1ea7u l\u00f4ng v\u00e0 s\u1ef1 n\u0103ng \u0111\u1ed9ng trong th\u1ebf gi\u1edbi gi\u1ea3i tr\u00ed tr\u1ef1c tuy\u1ebfn. M88 Mansion, m\u1ed9t c\u00e1i t\u00ean n\u1ed5i ti\u1ebfng trong ng\u00e0nh c\u00e1 c\u01b0\u1ee3c tr\u1ef1c tuy\u1ebfn, \u0111\u00e3 h\u1ee3p t\u00e1c v\u1edbi BWF \u0111\u1ec3 th\u00fac \u0111\u1ea9y s\u1ef1 ph\u00e1t tri\u1ec3n c\u1ee7a b\u1ed9 m\u00f4n th\u1ec3 thao n\u00e0y, c\u0169ng nh\u01b0 thu h\u00fat ng\u01b0\u1eddi h\u00e2m m\u1ed9 theo m\u1ed9t c\u00e1ch ho\u00e0n to\u00e0n kh\u00e1c.<\/p>\n","protected":false},"excerpt":{"rendered":"<p>Ph\u00e1 v\u1ee1 ranh gi\u1edbi: S\u1ef1 Ph\u00e1t tri\u1ec3n To\u00e0n c\u1ea7u c\u1ee7a BWF v\u00e0 Quan h\u1ec7 \u0110\u1ed1i t\u00e1c Chi\u1ebfn l\u01b0\u1ee3c to\u00e0n di\u1ec7n c\u00f9ng M88 Mansion Li\u00ean \u0111o\u00e0n c\u1ea7u l\u00f4ng th\u1ebf gi\u1edbi (BWF) l\u00e0 c\u01a1 quan qu\u1ea3n l\u00fd qu\u1ed1c t\u1ebf cho m\u00f4n th\u1ec3 thao C\u1ea7u l\u00f4ng. \u0110\u01b0\u1ee3c th\u00e0nh l\u1eadp v\u00e0o n\u0103m 1934 v\u1edbi bi\u1ec7t danh Li\u00ean \u0111o\u00e0n C\u1ea7u [&hellip;]<\/p>\n","protected":false},"author":1,"featured_media":0,"parent":17,"menu_order":5,"comment_status":"closed","ping_status":"closed","template":"page-partner.php","meta":{"footnotes":""},"class_list":["post-280","page","type-page","status-publish","hentry"],"acf":[],"_links":{"self":[{"href":"https:\/\/m88partnerships.com\/vn\/wp-json\/wp\/v2\/pages\/280","targetHints":{"allow":["GET"]}}],"collection":[{"href":"https:\/\/m88partnerships.com\/vn\/wp-json\/wp\/v2\/pages"}],"about":[{"href":"https:\/\/m88partnerships.com\/vn\/wp-json\/wp\/v2\/types\/page"}],"author":[{"embeddable":true,"href":"https:\/\/m88partnerships.com\/vn\/wp-json\/wp\/v2\/users\/1"}],"replies":[{"embeddable":true,"href":"https:\/\/m88partnerships.com\/vn\/wp-json\/wp\/v2\/comments?post=280"}],"version-history":[{"count":25,"href":"https:\/\/m88partnerships.com\/vn\/wp-json\/wp\/v2\/pages\/280\/revisions"}],"predecessor-version":[{"id":1356,"href":"https:\/\/m88partnerships.com\/vn\/wp-json\/wp\/v2\/pages\/280\/revisions\/1356"}],"up":[{"embeddable":true,"href":"https:\/\/m88partnerships.com\/vn\/wp-json\/wp\/v2\/pages\/17"}],"wp:attachment":[{"href":"https:\/\/m88partnerships.com\/vn\/wp-json\/wp\/v2\/media?parent=280"}],"curies":[{"name":"wp","href":"https:\/\/api.w.org\/{rel}","templated":true}]}}