{"id":278,"date":"2023-11-08T03:01:19","date_gmt":"2023-11-08T03:01:19","guid":{"rendered":"https:\/\/m88partnerships.com\/vn\/?page_id=278"},"modified":"2024-01-26T09:38:58","modified_gmt":"2024-01-26T01:38:58","slug":"mansion-ag","status":"publish","type":"page","link":"https:\/\/m88partnerships.com\/vn\/partnerships\/mansion-ag\/","title":{"rendered":"Mansion AG"},"content":{"rendered":"\n<p><strong>Mansion AG, Nh\u1eefng game th\u1ee7 Esport c\u1ee7a Indonesia<\/strong><\/p>\n\n\n\n<p>Trong m\u00f4i tr\u01b0\u1eddng n\u0103ng \u0111\u1ed9ng c\u1ee7a l\u0129nh v\u1ef1c th\u1ec3 thao \u0111i\u1ec7n t\u1eed, n\u01a1i \u0111\u1ed9 ch\u00ednh x\u00e1c g\u1eb7p g\u1ee1 ni\u1ec1m \u0111am m\u00ea, Mansion AG \u0111\u1ed9i game th\u1ee7 Indonesia \u00e1p d\u1ee5ng c\u00f4ng ngh\u1ec7 beacon \u0111\u1ec9nh cao. Tr\u01b0\u1edbc \u0111\u00e2y \u0111\u01b0\u1ee3c g\u1ecdi l\u00e0 Army Geniuses, t\u1ed5 ch\u1ee9c n\u00e0y hi\u1ec7n \u0111\u00e3 \u0111\u01b0\u1ee3c \u0111\u1ed5i t\u00ean th\u00e0nh Mansion AG, tr\u1edf th\u00e0nh \u0111\u1ed1i t\u00e1c chi\u1ebfn l\u01b0\u1ee3c v\u1edbi trang c\u00e1 c\u01b0\u1ee3c t\u1ed1t nh\u1ea5t ch\u00e2u \u00c1, M88 Mansion. L\u1ea7n h\u1ee3p t\u00e1c n\u00e0y ch\u1ee9ng ki\u1ebfn s\u1ef1 k\u1ebft h\u1ee3p gi\u1eefa n\u0103ng l\u1ef1c c\u1ee7a nh\u1eefng game th\u1ee7 v\u00e0 cam k\u1ebft c\u1ee7a M88 Mansion trong vi\u1ec7c th\u00fac \u0111\u1ea9y l\u0129nh v\u1ef1c th\u1ec3 thao \u0111i\u1ec7n t\u1eed \u1edf ch\u00e2u \u00c1.<\/p>\n\n\n\n<p>Mansion AG l\u00e0 s\u1ef1 k\u1ebft h\u1ee3p gi\u1eefa chi\u1ebfn l\u01b0\u1ee3c \u0111\u1ed9c \u0111\u00e1o v\u00e0 nh\u1eefng n\u1ed7 l\u1ef1c kh\u00f4ng ng\u1eebng. Chuy\u00ean v\u1ec1 c\u00e1c l\u0129nh v\u1ef1c gaming kh\u00e1c nhau, g\u1ed3m Dota 2 v\u00e0 Mobile Legends, \u0111\u1ed9i game th\u1ee7 \u0111\u01b0\u1ee3c bi\u1ebft \u0111\u1ebfn v\u1edbi k\u1ef9 n\u0103ng \u0111i\u00eau luy\u1ec7n v\u00e0 chi\u1ebfn thu\u1eadt ho\u00e0n h\u1ea3o. H\u1ee3p t\u00e1c v\u1edbi M88 Mansion s\u1ebd mang l\u1ea1i s\u1ef1 th\u00fa v\u1ecb v\u00e0 ph\u1ea5n kh\u00edch \u0111\u1ebfn nh\u1eefng ng\u01b0\u1eddi h\u00e2m m\u1ed9 v\u00e0 \u0111am m\u00ea th\u1ec3 thao \u0111i\u1ec7n t\u1eed.<\/p>\n\n\n\n<p>H\u00e0nh tr\u00ecnh Mansion AG l\u00e0 c\u00e2u chuy\u1ec7n k\u1ec3 v\u1ec1 nh\u1eefng chi\u1ebfn th\u1eafng, t\u00e1i di\u1ec5n nh\u1eefng tr\u1eadn \u0111\u1ea5u ch\u00e2n th\u1eadt nh\u1ea5t. D\u1eabn \u0111\u1ea7u trong gi\u1edbi Esport \u0111\u1ea7y c\u1ea1nh tranh, h\u1ecd g\u00e1nh tr\u00ean vai nh\u1eefng tham v\u1ecdng c\u1ee7a Indonesia trong l\u0129nh v\u1ef1c Th\u1ec3 thao \u0110i\u1ec7n t\u1eed , th\u1ec3 hi\u1ec7n s\u1ee9c m\u1ea1nh t\u1ed5 qu\u1ed1c tr\u00ean \u0111\u1ea5u tr\u01b0\u1eddng qu\u1ed1c t\u1ebf. Quan h\u1ec7 \u0111\u1ed1i t\u00e1c chi\u1ebfn l\u01b0\u1ee3c v\u1edbi M88 Mansion th\u00fac \u0111\u1ea9y tinh th\u1ea7n c\u1ea1nh tranh c\u1ee7a \u0111\u1ed9i v\u00e0 n\u1ed7 l\u1ef1c tr\u1edf th\u00e0nh \u0111\u1ed9i th\u1ec3 thao \u0111i\u1ec7n t\u1eed h\u00e0ng \u0111\u1ea7u ch\u00e2u \u00c1.<\/p>\n","protected":false},"excerpt":{"rendered":"<p>Mansion AG, Nh\u1eefng game th\u1ee7 Esport c\u1ee7a Indonesia Trong m\u00f4i tr\u01b0\u1eddng n\u0103ng \u0111\u1ed9ng c\u1ee7a l\u0129nh v\u1ef1c th\u1ec3 thao \u0111i\u1ec7n t\u1eed, n\u01a1i \u0111\u1ed9 ch\u00ednh x\u00e1c g\u1eb7p g\u1ee1 ni\u1ec1m \u0111am m\u00ea, Mansion AG \u0111\u1ed9i game th\u1ee7 Indonesia \u00e1p d\u1ee5ng c\u00f4ng ngh\u1ec7 beacon \u0111\u1ec9nh cao. Tr\u01b0\u1edbc \u0111\u00e2y \u0111\u01b0\u1ee3c g\u1ecdi l\u00e0 Army Geniuses, t\u1ed5 ch\u1ee9c n\u00e0y hi\u1ec7n \u0111\u00e3 \u0111\u01b0\u1ee3c [&hellip;]<\/p>\n","protected":false},"author":1,"featured_media":0,"parent":17,"menu_order":4,"comment_status":"closed","ping_status":"closed","template":"page-partner.php","meta":{"footnotes":""},"class_list":["post-278","page","type-page","status-publish","hentry"],"acf":[],"_links":{"self":[{"href":"https:\/\/m88partnerships.com\/vn\/wp-json\/wp\/v2\/pages\/278","targetHints":{"allow":["GET"]}}],"collection":[{"href":"https:\/\/m88partnerships.com\/vn\/wp-json\/wp\/v2\/pages"}],"about":[{"href":"https:\/\/m88partnerships.com\/vn\/wp-json\/wp\/v2\/types\/page"}],"author":[{"embeddable":true,"href":"https:\/\/m88partnerships.com\/vn\/wp-json\/wp\/v2\/users\/1"}],"replies":[{"embeddable":true,"href":"https:\/\/m88partnerships.com\/vn\/wp-json\/wp\/v2\/comments?post=278"}],"version-history":[{"count":22,"href":"https:\/\/m88partnerships.com\/vn\/wp-json\/wp\/v2\/pages\/278\/revisions"}],"predecessor-version":[{"id":1355,"href":"https:\/\/m88partnerships.com\/vn\/wp-json\/wp\/v2\/pages\/278\/revisions\/1355"}],"up":[{"embeddable":true,"href":"https:\/\/m88partnerships.com\/vn\/wp-json\/wp\/v2\/pages\/17"}],"wp:attachment":[{"href":"https:\/\/m88partnerships.com\/vn\/wp-json\/wp\/v2\/media?parent=278"}],"curies":[{"name":"wp","href":"https:\/\/api.w.org\/{rel}","templated":true}]}}