{"id":276,"date":"2023-11-08T03:00:32","date_gmt":"2023-11-08T03:00:32","guid":{"rendered":"https:\/\/m88partnerships.com\/vn\/?page_id=276"},"modified":"2024-01-26T09:38:20","modified_gmt":"2024-01-26T01:38:20","slug":"maria-ozawa","status":"publish","type":"page","link":"https:\/\/m88partnerships.com\/vn\/partnerships\/maria-ozawa\/","title":{"rendered":"Maria Ozawa"},"content":{"rendered":"\n<p>Maria Ozawa, l\u00e0 m\u1ed9t n\u1eef di\u1ec5n vi\u00ean, ng\u01b0\u1eddi m\u1eabu v\u00e0 c\u1ef1u AV ng\u01b0\u1eddi Nh\u1eadt. C\u00f4 \u0111\u00e3 tr\u1edf th\u00e0nh m\u1ed9t trong nh\u1eefng nh\u00e2n v\u1eadt n\u1ed5i ti\u1ebfng nh\u1ea5t trong ng\u00e0nh gi\u1ea3i tr\u00ed, \u0111\u01b0\u1ee3c bi\u1ebft \u0111\u1ebfn v\u1edbi v\u1ebb ngo\u00e0i xinh \u0111\u1eb9p, t\u00ednh c\u00e1ch l\u00f4i cu\u1ed1n v\u00e0 nh\u1eefng m\u00e0n tr\u00ecnh di\u1ec5n \u0111\u1eb7c bi\u1ec7t. Maria k\u1ec3 t\u1eeb \u0111\u00f3 \u0111\u00e3 m\u1edf r\u1ed9ng s\u1ef1 nghi\u1ec7p c\u1ee7a m\u00ecnh sang l\u0129nh v\u1ef1c di\u1ec5n xu\u1ea5t, ng\u01b0\u1eddi m\u1eabu v\u00e0 vi\u1ebft l\u00e1ch. V\u1edbi t\u01b0 c\u00e1ch l\u00e0 \u0111\u1ed1i t\u00e1c c\u1ee7a M88 Mansion, Maria mang th\u01b0\u01a1ng hi\u1ec7u v\u1edbi n\u1ed9i dung h\u1ea5p d\u1eabn, s\u00e1ng t\u1ea1o v\u00e0 chuy\u00ean nghi\u1ec7p \u0111\u1ebfn v\u1edbi c\u1ed9ng \u0111\u1ed3ng ng\u01b0\u1eddi ch\u01a1i M88 Mansion.<\/p>\n","protected":false},"excerpt":{"rendered":"<p>Maria Ozawa, l\u00e0 m\u1ed9t n\u1eef di\u1ec5n vi\u00ean, ng\u01b0\u1eddi m\u1eabu v\u00e0 c\u1ef1u AV ng\u01b0\u1eddi Nh\u1eadt. C\u00f4 \u0111\u00e3 tr\u1edf th\u00e0nh m\u1ed9t trong nh\u1eefng nh\u00e2n v\u1eadt n\u1ed5i ti\u1ebfng nh\u1ea5t trong ng\u00e0nh gi\u1ea3i tr\u00ed, \u0111\u01b0\u1ee3c bi\u1ebft \u0111\u1ebfn v\u1edbi v\u1ebb ngo\u00e0i xinh \u0111\u1eb9p, t\u00ednh c\u00e1ch l\u00f4i cu\u1ed1n v\u00e0 nh\u1eefng m\u00e0n tr\u00ecnh di\u1ec5n \u0111\u1eb7c bi\u1ec7t. Maria k\u1ec3 t\u1eeb \u0111\u00f3 \u0111\u00e3 m\u1edf [&hellip;]<\/p>\n","protected":false},"author":1,"featured_media":0,"parent":17,"menu_order":3,"comment_status":"closed","ping_status":"closed","template":"page-partner.php","meta":{"footnotes":""},"class_list":["post-276","page","type-page","status-publish","hentry"],"acf":[],"_links":{"self":[{"href":"https:\/\/m88partnerships.com\/vn\/wp-json\/wp\/v2\/pages\/276","targetHints":{"allow":["GET"]}}],"collection":[{"href":"https:\/\/m88partnerships.com\/vn\/wp-json\/wp\/v2\/pages"}],"about":[{"href":"https:\/\/m88partnerships.com\/vn\/wp-json\/wp\/v2\/types\/page"}],"author":[{"embeddable":true,"href":"https:\/\/m88partnerships.com\/vn\/wp-json\/wp\/v2\/users\/1"}],"replies":[{"embeddable":true,"href":"https:\/\/m88partnerships.com\/vn\/wp-json\/wp\/v2\/comments?post=276"}],"version-history":[{"count":23,"href":"https:\/\/m88partnerships.com\/vn\/wp-json\/wp\/v2\/pages\/276\/revisions"}],"predecessor-version":[{"id":1354,"href":"https:\/\/m88partnerships.com\/vn\/wp-json\/wp\/v2\/pages\/276\/revisions\/1354"}],"up":[{"embeddable":true,"href":"https:\/\/m88partnerships.com\/vn\/wp-json\/wp\/v2\/pages\/17"}],"wp:attachment":[{"href":"https:\/\/m88partnerships.com\/vn\/wp-json\/wp\/v2\/media?parent=276"}],"curies":[{"name":"wp","href":"https:\/\/api.w.org\/{rel}","templated":true}]}}