{"id":274,"date":"2023-11-08T02:59:56","date_gmt":"2023-11-08T02:59:56","guid":{"rendered":"https:\/\/m88partnerships.com\/vn\/?page_id=274"},"modified":"2024-01-24T10:11:42","modified_gmt":"2024-01-24T02:11:42","slug":"manny-pacquiao","status":"publish","type":"page","link":"https:\/\/m88partnerships.com\/vn\/partnerships\/manny-pacquiao\/","title":{"rendered":"Manny Pacquiao"},"content":{"rendered":"\n<p>Manny Pacquiao, c\u00f2n \u0111\u01b0\u1ee3c g\u1ecdi l\u00e0 &#8220;Pac-Man&#8221;, l\u00e0 m\u1ed9t v\u00f5 s\u0129 quy\u1ec1n Anh chuy\u00ean nghi\u1ec7p v\u00e0 l\u00e0 ch\u00ednh tr\u1ecb gia ng\u01b0\u1eddi Philippines. Manny \u0111\u01b0\u1ee3c bi\u1ebft \u0111\u1ebfn l\u00e0 m\u1ed9t trong nh\u1eefng v\u00f5 s\u0129 v\u0129 \u0111\u1ea1i nh\u1ea5t m\u1ecdi th\u1eddi \u0111\u1ea1i, t\u1eebng gi\u00e0nh ch\u1ee9c v\u00f4 \u0111\u1ecbch th\u1ebf gi\u1edbi \u1edf 8 h\u1ea1ng c\u00e2n kh\u00e1c nhau. Anh c\u0169ng \u0111\u01b0\u1ee3c c\u00f4ng nh\u1eadn l\u00e0 m\u1ed9t trong nh\u1eefng v\u1eadn \u0111\u1ed9ng vi\u00ean \u0111\u01b0\u1ee3c tr\u1ea3 l\u01b0\u01a1ng cao nh\u1ea5t th\u1ebf gi\u1edbi, t\u1eebng nh\u1eadn \u0111\u01b0\u1ee3c nhi\u1ec1u danh hi\u1ec7u tr\u00ean v\u00f5 \u0111\u00e0i v\u00e0 gi\u1ea3i th\u01b0\u1edfng t\u1eeb c\u00e1c ho\u1ea1t \u0111\u1ed9ng c\u1ed9ng \u0111\u1ed3ng. S\u1ef1 c\u1ed1ng hi\u1ebfn, k\u1ef7 lu\u1eadt v\u00e0 ki\u00ean c\u01b0\u1eddng c\u1ee7a Manny \u0111\u00e3 khi\u1ebfn anh tr\u1edf th\u00e0nh h\u00ecnh m\u1eabu cho h\u00e0ng tri\u1ec7u ng\u01b0\u1eddi tr\u00ean th\u1ebf gi\u1edbi. V\u1edbi t\u01b0 c\u00e1ch l\u00e0 \u0111\u1ed1i t\u00e1c c\u1ee7a M88 Mansion, Manny mang l\u1ea1i nh\u1eefng k\u1ef9 n\u0103ng, kinh nghi\u1ec7m v\u00e0 kh\u1ea3 n\u0103ng l\u00e3nh \u0111\u1ea1o \u0111\u1eb7c bi\u1ec7t c\u1ee7a m\u00ecnh \u0111\u1ebfn c\u1ed9ng \u0111\u1ed3ng quy\u1ec1n anh M88 Mansion.<\/p>\n\n\n\n<p>Nhi\u1ec1u n\u1ed9i dung ch\u1ecdn l\u1ecdc \u0111\u01b0\u1ee3c \u0111\u0103ng t\u1ea3i tr\u00ean trang c\u1ee7a Manny, nh\u1eb1m t\u00f4n vinh nh\u1eefng th\u00e0nh t\u00edch \u0111\u00e1ng kinh ng\u1ea1c c\u1ee7a anh \u1ea5y tr\u00ean v\u00f5 \u0111\u00e0i. T\u1eeb nh\u1eefng tr\u1eadn chi\u1ebfn mang t\u00ednh bi\u1ec3u t\u01b0\u1ee3ng cho \u0111\u1ebfn nh\u1eefng c\u1ea3nh h\u1eadu tr\u01b0\u1eddng, nh\u1eb1m mang \u0111\u1ebfn tr\u1ea3i nghi\u1ec7m phong ph\u00fa v\u00e0 th\u00fa v\u1ecb cho ng\u01b0\u1eddi h\u00e2m m\u1ed9 \u1edf m\u1ecdi c\u1ea5p \u0111\u1ed9. Cho d\u00f9 b\u1ea1n l\u00e0 fan h\u00e2m m\u1ed9 l\u00e2u n\u0103m hay l\u00e0 ng\u01b0\u1eddi l\u00e0m quen v\u1edbi b\u1ed9 m\u00f4n quy\u1ec1n anh, th\u00ec \u0111\u00e2y s\u1ebd \u0111i\u1ec3m \u0111\u1ebfn ho\u00e0n h\u1ea3o \u0111\u1ec3 t\u00ecm hi\u1ec3u th\u00eam v\u1ec1 m\u1ed9t trong nh\u1eefng nh\u00e2n v\u1eadt mang t\u00ednh bi\u1ec3u t\u01b0\u1ee3ng nh\u1ea5t c\u1ee7a m\u00f4n th\u1ec3 thao n\u00e0y.<\/p>\n","protected":false},"excerpt":{"rendered":"<p>Manny Pacquiao, c\u00f2n \u0111\u01b0\u1ee3c g\u1ecdi l\u00e0 &#8220;Pac-Man&#8221;, l\u00e0 m\u1ed9t v\u00f5 s\u0129 quy\u1ec1n Anh chuy\u00ean nghi\u1ec7p v\u00e0 l\u00e0 ch\u00ednh tr\u1ecb gia ng\u01b0\u1eddi Philippines. Manny \u0111\u01b0\u1ee3c bi\u1ebft \u0111\u1ebfn l\u00e0 m\u1ed9t trong nh\u1eefng v\u00f5 s\u0129 v\u0129 \u0111\u1ea1i nh\u1ea5t m\u1ecdi th\u1eddi \u0111\u1ea1i, t\u1eebng gi\u00e0nh ch\u1ee9c v\u00f4 \u0111\u1ecbch th\u1ebf gi\u1edbi \u1edf 8 h\u1ea1ng c\u00e2n kh\u00e1c nhau. Anh c\u0169ng \u0111\u01b0\u1ee3c c\u00f4ng [&hellip;]<\/p>\n","protected":false},"author":1,"featured_media":0,"parent":17,"menu_order":2,"comment_status":"closed","ping_status":"closed","template":"page-partner.php","meta":{"footnotes":""},"class_list":["post-274","page","type-page","status-publish","hentry"],"acf":[],"_links":{"self":[{"href":"https:\/\/m88partnerships.com\/vn\/wp-json\/wp\/v2\/pages\/274","targetHints":{"allow":["GET"]}}],"collection":[{"href":"https:\/\/m88partnerships.com\/vn\/wp-json\/wp\/v2\/pages"}],"about":[{"href":"https:\/\/m88partnerships.com\/vn\/wp-json\/wp\/v2\/types\/page"}],"author":[{"embeddable":true,"href":"https:\/\/m88partnerships.com\/vn\/wp-json\/wp\/v2\/users\/1"}],"replies":[{"embeddable":true,"href":"https:\/\/m88partnerships.com\/vn\/wp-json\/wp\/v2\/comments?post=274"}],"version-history":[{"count":26,"href":"https:\/\/m88partnerships.com\/vn\/wp-json\/wp\/v2\/pages\/274\/revisions"}],"predecessor-version":[{"id":1330,"href":"https:\/\/m88partnerships.com\/vn\/wp-json\/wp\/v2\/pages\/274\/revisions\/1330"}],"up":[{"embeddable":true,"href":"https:\/\/m88partnerships.com\/vn\/wp-json\/wp\/v2\/pages\/17"}],"wp:attachment":[{"href":"https:\/\/m88partnerships.com\/vn\/wp-json\/wp\/v2\/media?parent=274"}],"curies":[{"name":"wp","href":"https:\/\/api.w.org\/{rel}","templated":true}]}}