{"id":272,"date":"2023-11-08T02:58:55","date_gmt":"2023-11-08T02:58:55","guid":{"rendered":"https:\/\/m88partnerships.com\/vn\/?page_id=272"},"modified":"2024-01-24T09:58:45","modified_gmt":"2024-01-24T01:58:45","slug":"ac-milan","status":"publish","type":"page","link":"https:\/\/m88partnerships.com\/vn\/partnerships\/ac-milan\/","title":{"rendered":"AC Milan"},"content":{"rendered":"\n<p>Ch\u00fang t\u00f4i t\u1ef1 h\u00e0o l\u00e0 \u0111\u1ed1i t\u00e1c c\u1ee7a AC Milan, m\u1ed9t trong nh\u1eefng \u0111\u1ed9i b\u00f3ng th\u00e0nh c\u00f4ng v\u00e0 mang t\u00ednh bi\u1ec3u t\u01b0\u1ee3ng nh\u1ea5t tr\u00ean th\u1ebf gi\u1edbi. V\u1edbi cam k\u1ebft mang \u0111\u1ebfn cho ng\u01b0\u1eddi d\u00f9ng tr\u1ea3i nghi\u1ec7m c\u00e1 c\u01b0\u1ee3c t\u1ed1t nh\u1ea5t, vi\u1ec7c h\u1ee3p t\u00e1c v\u1edbi AC Milan cho ph\u00e9p ch\u00fang t\u00f4i t\u1ea1o ra ch\u01b0\u01a1ng tr\u00ecnh khuy\u1ebfn m\u00e3i, s\u1ef1 ki\u1ec7n \u0111\u1ed9c quy\u1ec1n v\u00e0 nhi\u1ec1u c\u01a1 h\u1ed9i th\u00fa v\u1ecb kh\u00e1c cho ng\u01b0\u1eddi ch\u01a1i. V\u1edbi b\u1ec1 d\u00e0y l\u1ecbch s\u1eed h\u01a1n m\u1ed9t th\u1eadp k\u1ef7, AC Milan n\u1ed5i ti\u1ebfng v\u1edbi tinh th\u1ea7n chi\u1ebfn \u0111\u1ea5u, ni\u1ec1m \u0111am m\u00ea trong b\u00f3ng \u0111\u00e1 v\u00e0 n\u1ed7 l\u1ef1c tr\u1edf n\u00ean xu\u1ea5t s\u1eafc. V\u00e0 l\u00e0 trang c\u00e1 c\u01b0\u1ee3c th\u1ec3 thao tr\u1ef1c tuy\u1ebfn h\u00e0ng \u0111\u1ea7u, M88 Mansion x AC Milan chia s\u1ebb nh\u1eefng gi\u00e1 tr\u1ecb, s\u1ef1 \u0111\u1ed3ng \u0111i\u1ec7u, gi\u00fap cho c\u1ea3 hai th\u01b0\u01a1ng hi\u1ec7u ph\u00f9 h\u1ee3p h\u01a1n. Cho d\u00f9 b\u1ea1n l\u00e0 m\u1ed9t fan h\u00e2m m\u1ed9 cu\u1ed3ng nhi\u1ec7t c\u1ee7a AC Milan hay ch\u1ec9 \u0111\u01a1n thu\u1ea7n l\u00e0 mu\u1ed1n \u0111\u1eb7t c\u01b0\u1ee3c v\u00e0o tr\u1eadn b\u00f3ng m\u00e0 b\u1ea1n th\u00edch, th\u00ec M88 Mansion x AC Milan \u0111\u1ea3m b\u1ea3o s\u1ebd mang l\u1ea1i cho b\u1ea1n tr\u1ea3i nghi\u1ec7m c\u00e1 c\u01b0\u1ee3c th\u1ec3 thao t\u1ed1t nh\u1ea5t, c\u00f9ng m\u1ed9t s\u1ed1 t\u00ednh n\u0103ng \u0111\u1ed9c quy\u1ec1n v\u00e0 l\u1ee3i \u00edch 1-0-2. H\u00e3y tham gia c\u00f9ng ch\u00fang t\u00f4i v\u00e0 tr\u1ea3i nghi\u1ec7m m\u1ee9c \u0111\u1ed9 k\u1ecbch t\u00ednh khi c\u00e1 c\u01b0\u1ee3c th\u1ec3 thao c\u00f9ng AC Milan x M88 Mansion?<\/p>\n","protected":false},"excerpt":{"rendered":"<p>Ch\u00fang t\u00f4i t\u1ef1 h\u00e0o l\u00e0 \u0111\u1ed1i t\u00e1c c\u1ee7a AC Milan, m\u1ed9t trong nh\u1eefng \u0111\u1ed9i b\u00f3ng th\u00e0nh c\u00f4ng v\u00e0 mang t\u00ednh bi\u1ec3u t\u01b0\u1ee3ng nh\u1ea5t tr\u00ean th\u1ebf gi\u1edbi. V\u1edbi cam k\u1ebft mang \u0111\u1ebfn cho ng\u01b0\u1eddi d\u00f9ng tr\u1ea3i nghi\u1ec7m c\u00e1 c\u01b0\u1ee3c t\u1ed1t nh\u1ea5t, vi\u1ec7c h\u1ee3p t\u00e1c v\u1edbi AC Milan cho ph\u00e9p ch\u00fang t\u00f4i t\u1ea1o ra ch\u01b0\u01a1ng tr\u00ecnh khuy\u1ebfn [&hellip;]<\/p>\n","protected":false},"author":1,"featured_media":0,"parent":17,"menu_order":1,"comment_status":"closed","ping_status":"closed","template":"page-partner.php","meta":{"footnotes":""},"class_list":["post-272","page","type-page","status-publish","hentry"],"acf":[],"_links":{"self":[{"href":"https:\/\/m88partnerships.com\/vn\/wp-json\/wp\/v2\/pages\/272","targetHints":{"allow":["GET"]}}],"collection":[{"href":"https:\/\/m88partnerships.com\/vn\/wp-json\/wp\/v2\/pages"}],"about":[{"href":"https:\/\/m88partnerships.com\/vn\/wp-json\/wp\/v2\/types\/page"}],"author":[{"embeddable":true,"href":"https:\/\/m88partnerships.com\/vn\/wp-json\/wp\/v2\/users\/1"}],"replies":[{"embeddable":true,"href":"https:\/\/m88partnerships.com\/vn\/wp-json\/wp\/v2\/comments?post=272"}],"version-history":[{"count":16,"href":"https:\/\/m88partnerships.com\/vn\/wp-json\/wp\/v2\/pages\/272\/revisions"}],"predecessor-version":[{"id":1329,"href":"https:\/\/m88partnerships.com\/vn\/wp-json\/wp\/v2\/pages\/272\/revisions\/1329"}],"up":[{"embeddable":true,"href":"https:\/\/m88partnerships.com\/vn\/wp-json\/wp\/v2\/pages\/17"}],"wp:attachment":[{"href":"https:\/\/m88partnerships.com\/vn\/wp-json\/wp\/v2\/media?parent=272"}],"curies":[{"name":"wp","href":"https:\/\/api.w.org\/{rel}","templated":true}]}}