{"id":270,"date":"2023-11-08T02:58:30","date_gmt":"2023-11-08T02:58:30","guid":{"rendered":"https:\/\/m88partnerships.com\/vn\/?page_id=270"},"modified":"2024-01-26T09:36:51","modified_gmt":"2024-01-26T01:36:51","slug":"la-liga","status":"publish","type":"page","link":"https:\/\/m88partnerships.com\/vn\/partnerships\/la-liga\/","title":{"rendered":"La Liga"},"content":{"rendered":"\n<p>M88 Mansion t\u1ef1 h\u00e0o l\u00e0 \u0111\u1ed1i t\u00e1c ch\u00ednh th\u1ee9c c\u1ee7a La Liga, m\u1ed9t trong nh\u1eefng gi\u1ea3i b\u00f3ng \u0111\u00e1 n\u1ed5i ti\u1ebfng v\u00e0 uy t\u00edn nh\u1ea5t th\u1ebf gi\u1edbi. M88 Mansion h\u01b0\u1edfng \u0111\u01b0\u1ee3c nhi\u1ec1u quy\u1ec1n l\u1ee3i t\u1eeb vi\u1ec7c h\u1ee3p t\u00e1c v\u1edbi gi\u1ea3i b\u00f3ng \u0111\u00e1 h\u00e0ng \u0111\u1ea7u T\u00e2y Ban Nha, g\u1ed3m t\u0103ng nh\u1eadn di\u1ec7n th\u01b0\u01a1ng hi\u1ec7u v\u00e0 ti\u1ebfp c\u1eadn c\u00e1c ph\u01b0\u01a1ng th\u1ee9c qu\u1ea3ng c\u00e1o \u0111\u1ed9c quy\u1ec1n.<\/p>\n\n\n\n<p>Ngo\u00e0i ra, M88 Mansion c\u00f3 th\u1ec3 k\u1ebft n\u1ed1i v\u1edbi h\u00e0ng tri\u1ec7u ng\u01b0\u1eddi h\u00e2m m\u1ed9 b\u00f3ng \u0111\u00e1 tr\u00ean to\u00e0n th\u1ebf gi\u1edbi v\u00e0 mang \u0111\u1ebfn cho h\u1ecd nh\u1eefng c\u01a1 h\u1ed9i th\u00fa v\u1ecb v\u00e0 \u0111\u1ed9c nh\u1ea5t \u0111\u1ec3 t\u01b0\u01a1ng t\u00e1c v\u1edbi ch\u00fang t\u00f4i. La Liga \u0111\u01b0\u1ee3c bi\u1ebft \u0111\u1ebfn l\u00e0 n\u01a1i quy t\u1ee5 m\u1ed9t s\u1ed1 \u0111\u1ed9i b\u00f3ng v\u00e0 c\u1ea7u th\u1ee7 xu\u1ea5t s\u1eafc nh\u1ea5t th\u1ebf gi\u1edbi, v\u00e0 M88 Mansion r\u1ea5t h\u00e2n hoan khi \u0111\u01b0\u1ee3c k\u1ebft n\u1ed1i v\u1edbi m\u1ed9t t\u1ed5 ch\u1ee9c danh gi\u00e1 nh\u01b0 v\u1eady.<\/p>\n\n\n\n<p>M\u1ed1i quan h\u1ec7 h\u1ee3p t\u00e1c gi\u1eefa M88 Mansion v\u1edbi La Liga l\u00e0 minh ch\u1ee9ng cho cam k\u1ebft c\u1ee7a ch\u00fang t\u00f4i v\u1ec1 s\u1ef1 xu\u1ea5t s\u1eafc v\u00e0 \u0111\u1ed5i m\u1edbi. B\u1eb1ng c\u00e1ch k\u1ebft n\u1ed1i v\u1edbi m\u1ed9t trong nh\u1eefng gi\u1ea3i b\u00f3ng \u0111\u00e1 \u0111\u1eb3ng c\u1ea5p nh\u1ea5t th\u1ebf gi\u1edbi, M88 Mansion c\u1ed1ng hi\u1ebfn th\u00f4ng qua vi\u1ec7c mang l\u1ea1i cho kh\u00e1ch h\u00e0ng tr\u1ea3i nghi\u1ec7m ch\u01a1i game t\u1ed1t nh\u1ea5t.<\/p>\n","protected":false},"excerpt":{"rendered":"<p>M88 Mansion t\u1ef1 h\u00e0o l\u00e0 \u0111\u1ed1i t\u00e1c ch\u00ednh th\u1ee9c c\u1ee7a La Liga, m\u1ed9t trong nh\u1eefng gi\u1ea3i b\u00f3ng \u0111\u00e1 n\u1ed5i ti\u1ebfng v\u00e0 uy t\u00edn nh\u1ea5t th\u1ebf gi\u1edbi. M88 Mansion h\u01b0\u1edfng \u0111\u01b0\u1ee3c nhi\u1ec1u quy\u1ec1n l\u1ee3i t\u1eeb vi\u1ec7c h\u1ee3p t\u00e1c v\u1edbi gi\u1ea3i b\u00f3ng \u0111\u00e1 h\u00e0ng \u0111\u1ea7u T\u00e2y Ban Nha, g\u1ed3m t\u0103ng nh\u1eadn di\u1ec7n th\u01b0\u01a1ng hi\u1ec7u v\u00e0 ti\u1ebfp c\u1eadn [&hellip;]<\/p>\n","protected":false},"author":1,"featured_media":0,"parent":17,"menu_order":0,"comment_status":"closed","ping_status":"closed","template":"page-partner.php","meta":{"footnotes":""},"class_list":["post-270","page","type-page","status-publish","hentry"],"acf":[],"_links":{"self":[{"href":"https:\/\/m88partnerships.com\/vn\/wp-json\/wp\/v2\/pages\/270","targetHints":{"allow":["GET"]}}],"collection":[{"href":"https:\/\/m88partnerships.com\/vn\/wp-json\/wp\/v2\/pages"}],"about":[{"href":"https:\/\/m88partnerships.com\/vn\/wp-json\/wp\/v2\/types\/page"}],"author":[{"embeddable":true,"href":"https:\/\/m88partnerships.com\/vn\/wp-json\/wp\/v2\/users\/1"}],"replies":[{"embeddable":true,"href":"https:\/\/m88partnerships.com\/vn\/wp-json\/wp\/v2\/comments?post=270"}],"version-history":[{"count":36,"href":"https:\/\/m88partnerships.com\/vn\/wp-json\/wp\/v2\/pages\/270\/revisions"}],"predecessor-version":[{"id":1353,"href":"https:\/\/m88partnerships.com\/vn\/wp-json\/wp\/v2\/pages\/270\/revisions\/1353"}],"up":[{"embeddable":true,"href":"https:\/\/m88partnerships.com\/vn\/wp-json\/wp\/v2\/pages\/17"}],"wp:attachment":[{"href":"https:\/\/m88partnerships.com\/vn\/wp-json\/wp\/v2\/media?parent=270"}],"curies":[{"name":"wp","href":"https:\/\/api.w.org\/{rel}","templated":true}]}}