{"id":19,"date":"2023-10-25T09:24:03","date_gmt":"2023-10-25T09:24:03","guid":{"rendered":"https:\/\/m88partnerships.com\/vn\/?page_id=19"},"modified":"2024-01-26T09:41:12","modified_gmt":"2024-01-26T01:41:12","slug":"casino-providers","status":"publish","type":"page","link":"https:\/\/m88partnerships.com\/vn\/about-us\/our-providers\/casino-providers\/","title":{"rendered":"NH\u00c0 CUNG C\u1ea4P CASINO"},"content":{"rendered":"\n<p>T\u1ea1i M88 Mansion, ch\u00fang t\u00f4i cam k\u1ebft mang \u0111\u1ebfn cho ng\u01b0\u1eddi d\u00f9ng tr\u1ea3i nghi\u1ec7m c\u00e1 c\u01b0\u1ee3c tr\u1ef1c tuy\u1ebfn t\u1ed1t nh\u1ea5t, v\u1edbi nhi\u1ec1u tr\u00f2 ch\u01a1i ch\u1ea5t l\u01b0\u1ee3ng cao t\u1eeb m\u1ed9t s\u1ed1 nh\u00e0 cung c\u1ea5p h\u00e0ng \u0111\u1ea7u th\u1ebf gi\u1edbi. C\u00e1c nh\u00e0 cung c\u1ea5p tr\u1ea3i qua quy tr\u00ecnh ch\u1ecdn l\u1ecdc k\u1ef9 l\u01b0\u1ee1ng d\u1ef1a tr\u00ean m\u1ee9c \u0111\u1ed9 n\u1ed5i ti\u1ebfng, s\u1ef1 \u0111\u1ed5i m\u1edbi v\u00e0 s\u1ef1 t\u01b0\u01a1ng t\u00e1c, \u0111\u1ea3m b\u1ea3o th\u00e0nh vi\u00ean M88 Mansion lu\u00f4n c\u00f3 th\u1ec3 truy c\u1eadp v\u00e0o c\u00e1c s\u1ea3n ph\u1ea9m m\u1edbi nh\u1ea5t v\u00e0 hay nh\u1ea5t.<\/p>\n","protected":false},"excerpt":{"rendered":"<p>T\u1ea1i M88 Mansion, ch\u00fang t\u00f4i cam k\u1ebft mang \u0111\u1ebfn cho ng\u01b0\u1eddi d\u00f9ng tr\u1ea3i nghi\u1ec7m c\u00e1 c\u01b0\u1ee3c tr\u1ef1c tuy\u1ebfn t\u1ed1t nh\u1ea5t, v\u1edbi nhi\u1ec1u tr\u00f2 ch\u01a1i ch\u1ea5t l\u01b0\u1ee3ng cao t\u1eeb m\u1ed9t s\u1ed1 nh\u00e0 cung c\u1ea5p h\u00e0ng \u0111\u1ea7u th\u1ebf gi\u1edbi. C\u00e1c nh\u00e0 cung c\u1ea5p tr\u1ea3i qua quy tr\u00ecnh ch\u1ecdn l\u1ecdc k\u1ef9 l\u01b0\u1ee1ng d\u1ef1a tr\u00ean m\u1ee9c \u0111\u1ed9 n\u1ed5i ti\u1ebfng, [&hellip;]<\/p>\n","protected":false},"author":1,"featured_media":0,"parent":252,"menu_order":1,"comment_status":"closed","ping_status":"closed","template":"","meta":{"footnotes":""},"class_list":["post-19","page","type-page","status-publish","hentry"],"acf":[],"_links":{"self":[{"href":"https:\/\/m88partnerships.com\/vn\/wp-json\/wp\/v2\/pages\/19","targetHints":{"allow":["GET"]}}],"collection":[{"href":"https:\/\/m88partnerships.com\/vn\/wp-json\/wp\/v2\/pages"}],"about":[{"href":"https:\/\/m88partnerships.com\/vn\/wp-json\/wp\/v2\/types\/page"}],"author":[{"embeddable":true,"href":"https:\/\/m88partnerships.com\/vn\/wp-json\/wp\/v2\/users\/1"}],"replies":[{"embeddable":true,"href":"https:\/\/m88partnerships.com\/vn\/wp-json\/wp\/v2\/comments?post=19"}],"version-history":[{"count":44,"href":"https:\/\/m88partnerships.com\/vn\/wp-json\/wp\/v2\/pages\/19\/revisions"}],"predecessor-version":[{"id":1357,"href":"https:\/\/m88partnerships.com\/vn\/wp-json\/wp\/v2\/pages\/19\/revisions\/1357"}],"up":[{"embeddable":true,"href":"https:\/\/m88partnerships.com\/vn\/wp-json\/wp\/v2\/pages\/252"}],"wp:attachment":[{"href":"https:\/\/m88partnerships.com\/vn\/wp-json\/wp\/v2\/media?parent=19"}],"curies":[{"name":"wp","href":"https:\/\/api.w.org\/{rel}","templated":true}]}}