{"id":17,"date":"2023-10-25T09:23:47","date_gmt":"2023-10-25T09:23:47","guid":{"rendered":"https:\/\/m88partnerships.com\/vn\/?page_id=17"},"modified":"2023-12-27T02:02:54","modified_gmt":"2023-12-27T02:02:54","slug":"partnerships","status":"publish","type":"page","link":"https:\/\/m88partnerships.com\/vn\/partnerships\/","title":{"rendered":"\u0110\u1ed0I T\u00c1C"},"content":{"rendered":"\n<p>M88 Mansion x\u00e2y d\u1ef1ng chi\u1ebfn l\u01b0\u1ee3c nh\u1eb1m mang \u0111\u1ebfn cho kh\u00e1ch h\u00e0ng tr\u1ea3i nghi\u1ec7m ch\u01a1i game t\u1ed1t nh\u1ea5t bao g\u1ed3m thi\u1ebft l\u1eadp m\u1ed1i quan h\u1ec7 \u0111\u1ed1i t\u00e1c gi\u00e1 tr\u1ecb. M88 Mansion h\u1ee3p t\u00e1c v\u1edbi c\u00e1c t\u1ed5 ch\u1ee9c uy t\u00edn v\u00e0 n\u1ed5i ti\u1ebfng trong ng\u00e0nh th\u1ec3 thao v\u00e0 gi\u1ea3i tr\u00ed, cho ph\u00e9p truy c\u1eadp n\u1ed9i dung \u0111\u1ed9c quy\u1ec1n v\u00e0 cung c\u1ea5p cho kh\u00e1ch h\u00e0ng nh\u1eefng tr\u1ea3i nghi\u1ec7m \u0111\u1ed9c \u0111\u00e1o. \u0110\u1ed1i t\u00e1c c\u1ee7a M88 Mansion ph\u1ee5c v\u1ee5 nhi\u1ec1u s\u1edf th\u00edch kh\u00e1c nhau, cho d\u00f9 b\u1ea1n \u0111am m\u00ea b\u00f3ng \u0111\u00e1, \u0111ua xe hay \u00e2m nh\u1ea1c, th\u00ec lu\u00f4n c\u00f3 th\u1ee9 g\u00ec \u0111\u00f3 \u0111\u1ec3 m\u1ecdi ng\u01b0\u1eddi th\u01b0\u1edfng th\u1ee9c.<\/p>\n","protected":false},"excerpt":{"rendered":"<p>M88 Mansion x\u00e2y d\u1ef1ng chi\u1ebfn l\u01b0\u1ee3c nh\u1eb1m mang \u0111\u1ebfn cho kh\u00e1ch h\u00e0ng tr\u1ea3i nghi\u1ec7m ch\u01a1i game t\u1ed1t nh\u1ea5t bao g\u1ed3m thi\u1ebft l\u1eadp m\u1ed1i quan h\u1ec7 \u0111\u1ed1i t\u00e1c gi\u00e1 tr\u1ecb. M88 Mansion h\u1ee3p t\u00e1c v\u1edbi c\u00e1c t\u1ed5 ch\u1ee9c uy t\u00edn v\u00e0 n\u1ed5i ti\u1ebfng trong ng\u00e0nh th\u1ec3 thao v\u00e0 gi\u1ea3i tr\u00ed, cho ph\u00e9p truy c\u1eadp n\u1ed9i dung [&hellip;]<\/p>\n","protected":false},"author":1,"featured_media":0,"parent":0,"menu_order":0,"comment_status":"closed","ping_status":"closed","template":"","meta":{"footnotes":""},"class_list":["post-17","page","type-page","status-publish","hentry"],"acf":[],"_links":{"self":[{"href":"https:\/\/m88partnerships.com\/vn\/wp-json\/wp\/v2\/pages\/17","targetHints":{"allow":["GET"]}}],"collection":[{"href":"https:\/\/m88partnerships.com\/vn\/wp-json\/wp\/v2\/pages"}],"about":[{"href":"https:\/\/m88partnerships.com\/vn\/wp-json\/wp\/v2\/types\/page"}],"author":[{"embeddable":true,"href":"https:\/\/m88partnerships.com\/vn\/wp-json\/wp\/v2\/users\/1"}],"replies":[{"embeddable":true,"href":"https:\/\/m88partnerships.com\/vn\/wp-json\/wp\/v2\/comments?post=17"}],"version-history":[{"count":16,"href":"https:\/\/m88partnerships.com\/vn\/wp-json\/wp\/v2\/pages\/17\/revisions"}],"predecessor-version":[{"id":1141,"href":"https:\/\/m88partnerships.com\/vn\/wp-json\/wp\/v2\/pages\/17\/revisions\/1141"}],"wp:attachment":[{"href":"https:\/\/m88partnerships.com\/vn\/wp-json\/wp\/v2\/media?parent=17"}],"curies":[{"name":"wp","href":"https:\/\/api.w.org\/{rel}","templated":true}]}}