{"id":13,"date":"2023-10-25T09:23:05","date_gmt":"2023-10-25T09:23:05","guid":{"rendered":"https:\/\/m88partnerships.com\/vn\/?page_id=13"},"modified":"2024-01-26T09:31:23","modified_gmt":"2024-01-26T01:31:23","slug":"about-us","status":"publish","type":"page","link":"https:\/\/m88partnerships.com\/vn\/about-us\/","title":{"rendered":"V\u1ec0 CH\u00daNG T\u00d4I"},"content":{"rendered":"\n<p>M88 Mansion l\u00e0 trang c\u00e1 c\u01b0\u1ee3c tr\u1ef1c tuy\u1ebfn h\u00e0ng \u0111\u1ea7u \u0111\u00e3 v\u00e0 \u0111ang mang \u0111\u1ebfn cho kh\u00e1ch h\u00e0ng nh\u1eefng tr\u1ea3i nghi\u1ec7m gi\u1ea3i tr\u00ed \u0111\u1eb7c bi\u1ec7t k\u1ec3 t\u1eeb khi th\u00e0nh l\u1eadp. M\u1ed9t trong nh\u1eefng y\u1ebfu t\u1ed1 ch\u00ednh khi\u1ebfn M88 Mansion kh\u00e1c bi\u1ec7t so v\u1edbi c\u00e1c trang c\u00e1 c\u01b0\u1ee3c tr\u1ef1c tuy\u1ebfn kh\u00e1c l\u00e0 ch\u00fang t\u00f4i \u01b0u ti\u00ean x\u00e2y d\u1ef1ng quan h\u1ec7 \u0111\u1ed1i t\u00e1c. M88 Mansion \u0111\u00e3 t\u0103ng c\u01b0\u1eddng thi\u1ebft l\u1eadp quan h\u1ec7 \u0111\u1ed1i t\u00e1c v\u1edbi c\u00e1c \u0111\u1ed9i th\u1ec3 thao, li\u00ean \u0111o\u00e0n v\u00e0 c\u00f4ng ty gi\u1ea3i tr\u00ed nh\u1eb1m n\u00e2ng cao m\u1ee9c \u0111\u1ed9 nh\u1eadn di\u1ec7n th\u01b0\u01a1ng hi\u1ec7u v\u00e0 mang \u0111\u1ebfn cho kh\u00e1ch h\u00e0ng nh\u1eefng c\u01a1 h\u1ed9i \u0111\u1ed9c \u0111\u00e1o \u0111\u1ec3 t\u01b0\u01a1ng t\u00e1c c\u1ed9ng \u0111\u1ed3ng.<\/p>\n\n\n\n<p>Quan h\u1ec7 \u0111\u1ed1i t\u00e1c M88 Mansion l\u00e0 chi\u1ebfn l\u01b0\u1ee3c quan tr\u1ecdng c\u1ee7a ch\u00fang t\u00f4i nh\u1eb1m mang \u0111\u1ebfn cho kh\u00e1ch h\u00e0ng tr\u1ea3i nghi\u1ec7m ch\u01a1i game t\u1ed1t nh\u1ea5t. Th\u00f4ng qua h\u1ee3p t\u00e1c, M88 Mansion li\u00ean k\u1ebft v\u1edbi m\u1ed9t s\u1ed1 t\u1ed5 ch\u1ee9c uy t\u00edn v\u00e0 tin c\u1eady nh\u1ea5t trong ng\u00e0nh th\u1ec3 thao v\u00e0 gi\u1ea3i tr\u00ed, mang \u0111\u1ebfn cho kh\u00e1ch h\u00e0ng nh\u1eefng n\u1ed9i dung \u0111\u1ed9c quy\u1ec1n v\u00e0 tr\u1ea3i nghi\u1ec7m \u0111\u1ed9c \u0111\u00e1o. Cho d\u00f9 b\u1ea1n l\u00e0 ng\u01b0\u1eddi h\u00e2m m\u1ed9 b\u00f3ng \u0111\u00e1, \u0111am m\u00ea \u0111ua xe hay y\u00eau \u00e2m nh\u1ea1c, \u0111\u1ed1i t\u00e1c c\u1ee7a M88 Mansion s\u1ebd mang l\u1ea1i \u0111i\u1ec1u g\u00ec \u0111\u00f3 cho t\u1ea5t c\u1ea3 m\u1ecdi ng\u01b0\u1eddi.<\/p>\n","protected":false},"excerpt":{"rendered":"<p>M88 Mansion l\u00e0 trang c\u00e1 c\u01b0\u1ee3c tr\u1ef1c tuy\u1ebfn h\u00e0ng \u0111\u1ea7u \u0111\u00e3 v\u00e0 \u0111ang mang \u0111\u1ebfn cho kh\u00e1ch h\u00e0ng nh\u1eefng tr\u1ea3i nghi\u1ec7m gi\u1ea3i tr\u00ed \u0111\u1eb7c bi\u1ec7t k\u1ec3 t\u1eeb khi th\u00e0nh l\u1eadp. M\u1ed9t trong nh\u1eefng y\u1ebfu t\u1ed1 ch\u00ednh khi\u1ebfn M88 Mansion kh\u00e1c bi\u1ec7t so v\u1edbi c\u00e1c trang c\u00e1 c\u01b0\u1ee3c tr\u1ef1c tuy\u1ebfn kh\u00e1c l\u00e0 ch\u00fang t\u00f4i \u01b0u ti\u00ean [&hellip;]<\/p>\n","protected":false},"author":1,"featured_media":0,"parent":0,"menu_order":0,"comment_status":"closed","ping_status":"closed","template":"","meta":{"footnotes":""},"class_list":["post-13","page","type-page","status-publish","hentry"],"acf":[],"_links":{"self":[{"href":"https:\/\/m88partnerships.com\/vn\/wp-json\/wp\/v2\/pages\/13","targetHints":{"allow":["GET"]}}],"collection":[{"href":"https:\/\/m88partnerships.com\/vn\/wp-json\/wp\/v2\/pages"}],"about":[{"href":"https:\/\/m88partnerships.com\/vn\/wp-json\/wp\/v2\/types\/page"}],"author":[{"embeddable":true,"href":"https:\/\/m88partnerships.com\/vn\/wp-json\/wp\/v2\/users\/1"}],"replies":[{"embeddable":true,"href":"https:\/\/m88partnerships.com\/vn\/wp-json\/wp\/v2\/comments?post=13"}],"version-history":[{"count":69,"href":"https:\/\/m88partnerships.com\/vn\/wp-json\/wp\/v2\/pages\/13\/revisions"}],"predecessor-version":[{"id":1348,"href":"https:\/\/m88partnerships.com\/vn\/wp-json\/wp\/v2\/pages\/13\/revisions\/1348"}],"wp:attachment":[{"href":"https:\/\/m88partnerships.com\/vn\/wp-json\/wp\/v2\/media?parent=13"}],"curies":[{"name":"wp","href":"https:\/\/api.w.org\/{rel}","templated":true}]}}